{"id":19743,"date":"2024-11-01T13:37:53","date_gmt":"2024-11-01T16:37:53","guid":{"rendered":"https:\/\/balako.digital\/cromo\/servicos-copy\/"},"modified":"2025-01-16T14:29:07","modified_gmt":"2025-01-16T17:29:07","slug":"blog","status":"publish","type":"page","link":"https:\/\/cromoserv.com\/en\/blog\/","title":{"rendered":"Blog"},"content":{"rendered":"<div data-elementor-type=\"wp-page\" data-elementor-id=\"19743\" class=\"elementor elementor-19743\" data-elementor-post-type=\"page\">\n\t\t\t\t\t\t<section class=\"elementor-section elementor-top-section elementor-element elementor-element-c69db4a elementor-section-height-min-height elementor-section-boxed elementor-section-height-default elementor-section-items-middle sc_fly_static\" data-id=\"c69db4a\" data-element_type=\"section\" data-settings=\"{&quot;background_background&quot;:&quot;classic&quot;}\">\n\t\t\t\t\t\t\t<div class=\"elementor-background-overlay\"><\/div>\n\t\t\t\t\t\t\t<div class=\"elementor-container elementor-column-gap-default\">\n\t\t\t\t\t<div class=\"elementor-column elementor-col-100 elementor-top-column elementor-element elementor-element-4c09922 sc_inner_width_none sc_content_align_inherit sc_layouts_column_icons_position_left sc_fly_static\" data-id=\"4c09922\" data-element_type=\"column\">\n\t\t\t<div class=\"elementor-widget-wrap elementor-element-populated\">\n\t\t\t\t\t\t<div class=\"elementor-element elementor-element-7a09bfb sc_fly_static elementor-widget elementor-widget-trx_sc_layouts_title\" data-id=\"7a09bfb\" data-element_type=\"widget\" data-widget_type=\"trx_sc_layouts_title.default\">\n\t\t\t\t<div class=\"elementor-widget-container\">\n\t\t\t\t\t<div class=\"sc_layouts_title with_content without_image without_tint\" ><div class=\"sc_layouts_title_content\"><div class=\"sc_layouts_title_breadcrumbs\"><div class=\"breadcrumbs\"><a class=\"breadcrumbs_item home\" href=\"https:\/\/cromoserv.com\/en\/\">Home<\/a><span class=\"breadcrumbs_delimiter\"><\/span><span class=\"breadcrumbs_item current\">Blog<\/span><\/div><\/div><\/div><\/div>\t\t\t\t<\/div>\n\t\t\t\t<\/div>\n\t\t\t\t\t<\/div>\n\t\t<\/div>\n\t\t\t\t\t<\/div>\n\t\t<\/section>\n\t\t\t\t<section class=\"elementor-section elementor-top-section elementor-element elementor-element-a5d55fa elementor-section-boxed elementor-section-height-default elementor-section-height-default sc_fly_static\" data-id=\"a5d55fa\" data-element_type=\"section\">\n\t\t\t\t\t\t<div class=\"elementor-container elementor-column-gap-extended\">\n\t\t\t\t\t<div class=\"elementor-column elementor-col-100 elementor-top-column elementor-element elementor-element-8d0763a sc_inner_width_none sc_content_align_inherit sc_layouts_column_icons_position_left sc_fly_static\" data-id=\"8d0763a\" data-element_type=\"column\">\n\t\t\t<div class=\"elementor-widget-wrap elementor-element-populated\">\n\t\t\t\t\t\t<section class=\"elementor-section elementor-inner-section elementor-element elementor-element-af11af0 elementor-section-boxed elementor-section-height-default elementor-section-height-default sc_fly_static\" data-id=\"af11af0\" data-element_type=\"section\">\n\t\t\t\t\t\t<div class=\"elementor-container elementor-column-gap-no\">\n\t\t\t\t\t<div class=\"elementor-column elementor-col-100 elementor-inner-column elementor-element elementor-element-07fda2d sc_inner_width_none sc_content_align_inherit sc_layouts_column_icons_position_left sc_fly_static\" data-id=\"07fda2d\" data-element_type=\"column\">\n\t\t\t<div class=\"elementor-widget-wrap elementor-element-populated\">\n\t\t\t\t\t\t<div class=\"elementor-element elementor-element-8b8cfa9 elementor-grid-3 elementor-grid-tablet-2 elementor-grid-mobile-1 elementor-posts--thumbnail-top sc_fly_static elementor-widget elementor-widget-posts\" data-id=\"8b8cfa9\" data-element_type=\"widget\" data-settings=\"{&quot;classic_row_gap&quot;:{&quot;unit&quot;:&quot;px&quot;,&quot;size&quot;:51,&quot;sizes&quot;:[]},&quot;classic_columns&quot;:&quot;3&quot;,&quot;classic_columns_tablet&quot;:&quot;2&quot;,&quot;classic_columns_mobile&quot;:&quot;1&quot;,&quot;classic_row_gap_tablet&quot;:{&quot;unit&quot;:&quot;px&quot;,&quot;size&quot;:&quot;&quot;,&quot;sizes&quot;:[]},&quot;classic_row_gap_mobile&quot;:{&quot;unit&quot;:&quot;px&quot;,&quot;size&quot;:&quot;&quot;,&quot;sizes&quot;:[]}}\" data-widget_type=\"posts.classic\">\n\t\t\t\t<div class=\"elementor-widget-container\">\n\t\t\t\t\t\t\t<div class=\"elementor-posts-container elementor-posts elementor-posts--skin-classic elementor-grid\">\n\t\t\t\t<article class=\"elementor-post elementor-grid-item post-18319 post type-post status-publish format-standard has-post-thumbnail hentry category-uncategorized\">\n\t\t\t\t<a class=\"elementor-post__thumbnail__link\" href=\"https:\/\/cromoserv.com\/en\/a-importancia-da-logistica-integrada-no-comercio-internacional\/\" tabindex=\"-1\" >\n\t\t\t<div class=\"elementor-post__thumbnail\"><img fetchpriority=\"high\" decoding=\"async\" width=\"2048\" height=\"1223\" src=\"https:\/\/cromoserv.com\/wp-content\/uploads\/2024\/10\/solucoes-aduaneiras-para-mercados-globais-2048x1223.jpg\" class=\"attachment-2048x2048 size-2048x2048 wp-image-18836\" alt=\"Solu\u00e7\u00f5es Aduaneiras\" srcset=\"https:\/\/cromoserv.com\/wp-content\/uploads\/2024\/10\/solucoes-aduaneiras-para-mercados-globais-2048x1223.jpg 2048w, https:\/\/cromoserv.com\/wp-content\/uploads\/2024\/10\/solucoes-aduaneiras-para-mercados-globais-300x179.jpg 300w, https:\/\/cromoserv.com\/wp-content\/uploads\/2024\/10\/solucoes-aduaneiras-para-mercados-globais-1024x611.jpg 1024w, https:\/\/cromoserv.com\/wp-content\/uploads\/2024\/10\/solucoes-aduaneiras-para-mercados-globais-768x459.jpg 768w, https:\/\/cromoserv.com\/wp-content\/uploads\/2024\/10\/solucoes-aduaneiras-para-mercados-globais-1536x917.jpg 1536w, https:\/\/cromoserv.com\/wp-content\/uploads\/2024\/10\/solucoes-aduaneiras-para-mercados-globais-370x221.jpg 370w, https:\/\/cromoserv.com\/wp-content\/uploads\/2024\/10\/solucoes-aduaneiras-para-mercados-globais-840x501.jpg 840w, https:\/\/cromoserv.com\/wp-content\/uploads\/2024\/10\/solucoes-aduaneiras-para-mercados-globais-410x245.jpg 410w\" sizes=\"(max-width: 2048px) 100vw, 2048px\" \/><\/div>\n\t\t<\/a>\n\t\t\t\t<div class=\"elementor-post__text\">\n\t\t\t\t<h3 class=\"elementor-post__title\">\n\t\t\t<a href=\"https:\/\/cromoserv.com\/en\/a-importancia-da-logistica-integrada-no-comercio-internacional\/\" >\n\t\t\t\tThe Importance of Integrated Logistics in International Trade\t\t\t<\/a>\n\t\t<\/h3>\n\t\t\t\t<div class=\"elementor-post__excerpt\">\n\t\t\t<p>No com\u00e9rcio internacional, a log\u00edstica integrada desempenha um papel crucial ao conectar todas as partes envolvidas na cadeia de suprimentos global. Ela vai al\u00e9m do simples transporte de mercadorias, englobando<\/p>\n\t\t<\/div>\n\t\t\n\t\t<a class=\"elementor-post__read-more\" href=\"https:\/\/cromoserv.com\/en\/a-importancia-da-logistica-integrada-no-comercio-internacional\/\" aria-label=\"Read more about A Import\u00e2ncia da Log\u00edstica Integrada no Com\u00e9rcio Internacional\" tabindex=\"-1\" >\n\t\t\tLer mais \u00bb\t\t<\/a>\n\n\t\t\t\t<\/div>\n\t\t\t\t<\/article>\n\t\t\t\t<article class=\"elementor-post elementor-grid-item post-18317 post type-post status-publish format-standard has-post-thumbnail hentry category-uncategorized\">\n\t\t\t\t<a class=\"elementor-post__thumbnail__link\" href=\"https:\/\/cromoserv.com\/en\/os-principais-desafios-do-despacho-aduaneiro-e-como-supera-los\/\" tabindex=\"-1\" >\n\t\t\t<div class=\"elementor-post__thumbnail\"><img decoding=\"async\" width=\"2048\" height=\"1364\" src=\"https:\/\/cromoserv.com\/wp-content\/uploads\/2024\/10\/ocean_369749318-2048x1364.jpg\" class=\"attachment-2048x2048 size-2048x2048 wp-image-19590\" alt=\"\" srcset=\"https:\/\/cromoserv.com\/wp-content\/uploads\/2024\/10\/ocean_369749318-2048x1364.jpg 2048w, https:\/\/cromoserv.com\/wp-content\/uploads\/2024\/10\/ocean_369749318-300x200.jpg 300w, https:\/\/cromoserv.com\/wp-content\/uploads\/2024\/10\/ocean_369749318-1024x682.jpg 1024w, https:\/\/cromoserv.com\/wp-content\/uploads\/2024\/10\/ocean_369749318-768x512.jpg 768w, https:\/\/cromoserv.com\/wp-content\/uploads\/2024\/10\/ocean_369749318-1536x1023.jpg 1536w, https:\/\/cromoserv.com\/wp-content\/uploads\/2024\/10\/ocean_369749318-370x246.jpg 370w, https:\/\/cromoserv.com\/wp-content\/uploads\/2024\/10\/ocean_369749318-840x560.jpg 840w, https:\/\/cromoserv.com\/wp-content\/uploads\/2024\/10\/ocean_369749318-410x273.jpg 410w\" sizes=\"(max-width: 2048px) 100vw, 2048px\" \/><\/div>\n\t\t<\/a>\n\t\t\t\t<div class=\"elementor-post__text\">\n\t\t\t\t<h3 class=\"elementor-post__title\">\n\t\t\t<a href=\"https:\/\/cromoserv.com\/en\/os-principais-desafios-do-despacho-aduaneiro-e-como-supera-los\/\" >\n\t\t\t\tThe Main Challenges of Customs Clearance and How to Overcome Them\t\t\t<\/a>\n\t\t<\/h3>\n\t\t\t\t<div class=\"elementor-post__excerpt\">\n\t\t\t<p>O despacho aduaneiro \u00e9 uma etapa fundamental nas opera\u00e7\u00f5es de com\u00e9rcio exterior, mas tamb\u00e9m pode ser uma das mais complexas e desafiadoras. O processo envolve uma s\u00e9rie de regulamentos, inspe\u00e7\u00f5es<\/p>\n\t\t<\/div>\n\t\t\n\t\t<a class=\"elementor-post__read-more\" href=\"https:\/\/cromoserv.com\/en\/os-principais-desafios-do-despacho-aduaneiro-e-como-supera-los\/\" aria-label=\"Read more about Os Principais Desafios do Despacho Aduaneiro e Como Super\u00e1-los\" tabindex=\"-1\" >\n\t\t\tLer mais \u00bb\t\t<\/a>\n\n\t\t\t\t<\/div>\n\t\t\t\t<\/article>\n\t\t\t\t<article class=\"elementor-post elementor-grid-item post-2803 post type-post status-publish format-standard has-post-thumbnail hentry category-uncategorized\">\n\t\t\t\t<a class=\"elementor-post__thumbnail__link\" href=\"https:\/\/cromoserv.com\/en\/5-dicas-para-otimizar-o-frete-internacional-e-reduzir-custos-logisticos\/\" tabindex=\"-1\" >\n\t\t\t<div class=\"elementor-post__thumbnail\"><img decoding=\"async\" width=\"2048\" height=\"1364\" src=\"https:\/\/cromoserv.com\/wp-content\/uploads\/2024\/10\/ocean_369749862-2048x1364.jpg\" class=\"attachment-2048x2048 size-2048x2048 wp-image-19591\" alt=\"\" srcset=\"https:\/\/cromoserv.com\/wp-content\/uploads\/2024\/10\/ocean_369749862-2048x1364.jpg 2048w, https:\/\/cromoserv.com\/wp-content\/uploads\/2024\/10\/ocean_369749862-300x200.jpg 300w, https:\/\/cromoserv.com\/wp-content\/uploads\/2024\/10\/ocean_369749862-1024x682.jpg 1024w, https:\/\/cromoserv.com\/wp-content\/uploads\/2024\/10\/ocean_369749862-768x512.jpg 768w, https:\/\/cromoserv.com\/wp-content\/uploads\/2024\/10\/ocean_369749862-1536x1023.jpg 1536w, https:\/\/cromoserv.com\/wp-content\/uploads\/2024\/10\/ocean_369749862-370x247.jpg 370w, https:\/\/cromoserv.com\/wp-content\/uploads\/2024\/10\/ocean_369749862-840x560.jpg 840w, https:\/\/cromoserv.com\/wp-content\/uploads\/2024\/10\/ocean_369749862-410x273.jpg 410w\" sizes=\"(max-width: 2048px) 100vw, 2048px\" \/><\/div>\n\t\t<\/a>\n\t\t\t\t<div class=\"elementor-post__text\">\n\t\t\t\t<h3 class=\"elementor-post__title\">\n\t\t\t<a href=\"https:\/\/cromoserv.com\/en\/5-dicas-para-otimizar-o-frete-internacional-e-reduzir-custos-logisticos\/\" >\n\t\t\t\t5 Tips to Optimize International Freight and Reduce Logistics Costs\t\t\t<\/a>\n\t\t<\/h3>\n\t\t\t\t<div class=\"elementor-post__excerpt\">\n\t\t\t<p>O frete internacional \u00e9 um dos maiores desafios para empresas que atuam no com\u00e9rcio exterior. Custos elevados, burocracia aduaneira e inefici\u00eancias no transporte podem comprometer a lucratividade das opera\u00e7\u00f5es. Para<\/p>\n\t\t<\/div>\n\t\t\n\t\t<a class=\"elementor-post__read-more\" href=\"https:\/\/cromoserv.com\/en\/5-dicas-para-otimizar-o-frete-internacional-e-reduzir-custos-logisticos\/\" aria-label=\"Read more about 5 Dicas para Otimizar o Frete Internacional e Reduzir Custos Log\u00edsticos\" tabindex=\"-1\" >\n\t\t\tLer mais \u00bb\t\t<\/a>\n\n\t\t\t\t<\/div>\n\t\t\t\t<\/article>\n\t\t\t\t<\/div>\n\t\t\n\t\t\t\t\t\t<\/div>\n\t\t\t\t<\/div>\n\t\t\t\t\t<\/div>\n\t\t<\/div>\n\t\t\t\t\t<\/div>\n\t\t<\/section>\n\t\t\t\t\t<\/div>\n\t\t<\/div>\n\t\t\t\t\t<\/div>\n\t\t<\/section>\n\t\t\t\t<section class=\"elementor-section elementor-top-section elementor-element elementor-element-ee46fe5 elementor-section-full_width elementor-section-content-middle scheme_dark elementor-reverse-mobile elementor-section-height-default elementor-section-height-default sc_fly_static\" data-id=\"ee46fe5\" data-element_type=\"section\" data-settings=\"{&quot;background_background&quot;:&quot;classic&quot;}\">\n\t\t\t\t\t\t<div class=\"elementor-container elementor-column-gap-no\">\n\t\t\t\t\t<div class=\"elementor-column elementor-col-50 elementor-top-column elementor-element elementor-element-be139c5 sc_inner_width_none sc_content_align_inherit sc_layouts_column_icons_position_left sc_fly_static\" data-id=\"be139c5\" data-element_type=\"column\">\n\t\t\t<div class=\"elementor-widget-wrap elementor-element-populated\">\n\t\t\t\t\t\t<div class=\"elementor-element elementor-element-fc32595 sc_fly_static elementor-widget elementor-widget-spacer\" data-id=\"fc32595\" data-element_type=\"widget\" data-widget_type=\"spacer.default\">\n\t\t\t\t<div class=\"elementor-widget-container\">\n\t\t\t\t\t\t\t<div class=\"elementor-spacer\">\n\t\t\t<div class=\"elementor-spacer-inner\"><\/div>\n\t\t<\/div>\n\t\t\t\t\t\t<\/div>\n\t\t\t\t<\/div>\n\t\t\t\t<div class=\"elementor-element elementor-element-dadb053 sc_fly_static elementor-widget elementor-widget-trx_sc_testimonials\" data-id=\"dadb053\" data-element_type=\"widget\" id=\"testimonials\" data-widget_type=\"trx_sc_testimonials.default\">\n\t\t\t\t<div class=\"elementor-widget-container\">\n\t\t\t\t\t<div  id=\"testimonials_sc\"\t\tclass=\"sc_testimonials sc_testimonials_list\"><div id=\"testimonials_sc_outer\"  class=\"sc_testimonials_slider sc_item_slider slider_swiper_outer slider_outer slider_outer_nocontrols slider_outer_nopagination slider_outer_nocentered slider_outer_overflow_hidden slider_outer_one\">\n\t<div id=\"testimonials_sc_swiper\"  data-slides-per-view-breakpoints=\"{&quot;999999&quot;:1}\" class=\"slider_container swiper-slider-container slider_swiper slider_noresize slider_nocontrols slider_nopagination slider_nocentered slider_overflow_hidden slider_one\" data-slides-space=\"30\" data-effect=\"slide\" data-slides-min-width=\"290\" data-pagination=\"bullets\" data-direction=\"horizontal\" data-mouse-wheel=\"0\" data-autoplay=\"1\" data-loop=\"1\" data-free-mode=\"0\" data-slides-centered=\"0\" data-slides-overflow=\"0\">\n\t\t<div class=\"slides slider-wrapper swiper-wrapper sc_item_columns_1\"><div class=\"slider-slide swiper-slide\"><div data-post-id=\"515\" class=\"sc_testimonials_item sc_item_container post_container\">\n\t<div class=\"sc_testimonials_item_content\">\n<p>\"The customs consultancy from CROMO was crucial to optimize our export operations. They understood our specific needs and provided personalized solutions, allowing us to expand our reach in the international market.\"<\/p>\n<\/div>\n\t<div class=\"sc_testimonials_item_author\">\n\t\t<div class=\"sc_testimonials_item_author_data\">\n\t\t\t<h4 class=\"sc_testimonials_item_author_title\">Roberto Andrade<\/h4>\n\t\t\t<div class=\"sc_testimonials_item_author_subtitle\">CEO<\/div>\t\t<\/div>\n\t<\/div>\n<\/div>\n<\/div><div class=\"slider-slide swiper-slide\"><div data-post-id=\"517\" class=\"sc_testimonials_item sc_item_container post_container\">\n\t<div class=\"sc_testimonials_item_content\">\n<p>\"Relying on CROMO gave us the peace of mind that our goods would be cleared without complications. The team is extremely competent and always available to resolve any customs issues.\"<\/p>\n<\/div>\n\t<div class=\"sc_testimonials_item_author\">\n\t\t<div class=\"sc_testimonials_item_author_data\">\n\t\t\t<h4 class=\"sc_testimonials_item_author_title\">Ana Costa<\/h4>\n\t\t\t<div class=\"sc_testimonials_item_author_subtitle\">Logistics Manager<\/div>\t\t<\/div>\n\t<\/div>\n<\/div>\n<\/div><div class=\"slider-slide swiper-slide\"><div data-post-id=\"520\" class=\"sc_testimonials_item sc_item_container post_container\">\n\t<div class=\"sc_testimonials_item_content\">\n<p>\"CROMO simplified our import processes like no other company has before. The efficiency in customs clearance and the accuracy in documentation saved us time and resources. An indispensable partnership!\"<\/p>\n<\/div>\n\t<div class=\"sc_testimonials_item_author\">\n\t\t<div class=\"sc_testimonials_item_author_data\">\n\t\t\t<h4 class=\"sc_testimonials_item_author_title\">Marcos Silva<\/h4>\n\t\t\t<div class=\"sc_testimonials_item_author_subtitle\">Operations Director<\/div>\t\t<\/div>\n\t<\/div>\n<\/div>\n<\/div><\/div><\/div><\/div><\/div><!-- \/.sc_testimonials -->\t\t\t\t<\/div>\n\t\t\t\t<\/div>\n\t\t\t\t<div class=\"elementor-element elementor-element-a412570 sc_fly_static elementor-widget elementor-widget-spacer\" data-id=\"a412570\" data-element_type=\"widget\" data-widget_type=\"spacer.default\">\n\t\t\t\t<div class=\"elementor-widget-container\">\n\t\t\t\t\t\t\t<div class=\"elementor-spacer\">\n\t\t\t<div class=\"elementor-spacer-inner\"><\/div>\n\t\t<\/div>\n\t\t\t\t\t\t<\/div>\n\t\t\t\t<\/div>\n\t\t\t\t<div class=\"elementor-element elementor-element-1a1ec0c sc_fly_static elementor-widget elementor-widget-trx_sc_slider_controls\" data-id=\"1a1ec0c\" data-element_type=\"widget\" data-widget_type=\"trx_sc_slider_controls.default\">\n\t\t\t\t<div class=\"elementor-widget-container\">\n\t\t\t\t\t<div class=\"sc_slider_controls sc_slider_controls_default slider_pagination_style_bullets sc_align_left\" data-slider-id=\"testimonials\" data-style=\"default\" data-pagination-style=\"bullets\"><div class=\"slider_controls_wrap\"><div class=\"slider_pagination_wrap\"><\/div><\/div><\/div>\t\t\t\t<\/div>\n\t\t\t\t<\/div>\n\t\t\t\t<div class=\"elementor-element elementor-element-8cfdd66 sc_fly_static elementor-widget elementor-widget-spacer\" data-id=\"8cfdd66\" data-element_type=\"widget\" data-widget_type=\"spacer.default\">\n\t\t\t\t<div class=\"elementor-widget-container\">\n\t\t\t\t\t\t\t<div class=\"elementor-spacer\">\n\t\t\t<div class=\"elementor-spacer-inner\"><\/div>\n\t\t<\/div>\n\t\t\t\t\t\t<\/div>\n\t\t\t\t<\/div>\n\t\t\t\t\t<\/div>\n\t\t<\/div>\n\t\t\t\t<div class=\"elementor-column elementor-col-50 elementor-top-column elementor-element elementor-element-58edab9 sc_layouts_column_align_center sc_layouts_column sc_inner_width_none sc_content_align_inherit sc_layouts_column_icons_position_left sc_fly_static\" data-id=\"58edab9\" data-element_type=\"column\" data-settings=\"{&quot;background_background&quot;:&quot;classic&quot;}\">\n\t\t\t<div class=\"elementor-widget-wrap elementor-element-populated\">\n\t\t\t\t\t\t<div class=\"elementor-element elementor-element-0213b3a sc_height_huge sc_fly_static elementor-widget elementor-widget-spacer\" data-id=\"0213b3a\" data-element_type=\"widget\" data-widget_type=\"spacer.default\">\n\t\t\t\t<div class=\"elementor-widget-container\">\n\t\t\t\t\t\t\t<div class=\"elementor-spacer\">\n\t\t\t<div class=\"elementor-spacer-inner\"><\/div>\n\t\t<\/div>\n\t\t\t\t\t\t<\/div>\n\t\t\t\t<\/div>\n\t\t\t\t<div class=\"elementor-element elementor-element-fbd60c9 sc_height_huge sc_fly_static elementor-widget elementor-widget-spacer\" data-id=\"fbd60c9\" data-element_type=\"widget\" data-widget_type=\"spacer.default\">\n\t\t\t\t<div class=\"elementor-widget-container\">\n\t\t\t\t\t\t\t<div class=\"elementor-spacer\">\n\t\t\t<div class=\"elementor-spacer-inner\"><\/div>\n\t\t<\/div>\n\t\t\t\t\t\t<\/div>\n\t\t\t\t<\/div>\n\t\t\t\t\t<\/div>\n\t\t<\/div>\n\t\t\t\t\t<\/div>\n\t\t<\/section>\n\t\t\t\t<\/div>","protected":false},"excerpt":{"rendered":"<p>HomePage (post) title \u201cA consultoria aduaneira da CROMO foi fundamental para otimizar nossas opera\u00e7\u00f5es de exporta\u00e7\u00e3o. Eles entenderam nossas necessidades espec\u00edficas e trouxeram solu\u00e7\u00f5es personalizadas, permitindo que ampli\u00e1ssemos nosso alcance&hellip;<\/p>","protected":false},"author":1,"featured_media":0,"parent":0,"menu_order":0,"comment_status":"closed","ping_status":"closed","template":"","meta":{"footnotes":""},"class_list":["post-19743","page","type-page","status-publish","hentry"],"_links":{"self":[{"href":"https:\/\/cromoserv.com\/en\/wp-json\/wp\/v2\/pages\/19743","targetHints":{"allow":["GET"]}}],"collection":[{"href":"https:\/\/cromoserv.com\/en\/wp-json\/wp\/v2\/pages"}],"about":[{"href":"https:\/\/cromoserv.com\/en\/wp-json\/wp\/v2\/types\/page"}],"author":[{"embeddable":true,"href":"https:\/\/cromoserv.com\/en\/wp-json\/wp\/v2\/users\/1"}],"replies":[{"embeddable":true,"href":"https:\/\/cromoserv.com\/en\/wp-json\/wp\/v2\/comments?post=19743"}],"version-history":[{"count":19,"href":"https:\/\/cromoserv.com\/en\/wp-json\/wp\/v2\/pages\/19743\/revisions"}],"predecessor-version":[{"id":19910,"href":"https:\/\/cromoserv.com\/en\/wp-json\/wp\/v2\/pages\/19743\/revisions\/19910"}],"wp:attachment":[{"href":"https:\/\/cromoserv.com\/en\/wp-json\/wp\/v2\/media?parent=19743"}],"curies":[{"name":"wp","href":"https:\/\/api.w.org\/{rel}","templated":true}]}}