{"id":19799,"date":"2024-11-29T17:05:57","date_gmt":"2024-11-29T20:05:57","guid":{"rendered":"https:\/\/balako.digital\/cromo\/contato-copy\/"},"modified":"2025-01-20T16:43:32","modified_gmt":"2025-01-20T19:43:32","slug":"faca-sua-denuncia","status":"publish","type":"page","link":"https:\/\/cromoserv.com\/en\/faca-sua-denuncia\/","title":{"rendered":"Fa\u00e7a sua Den\u00fancia"},"content":{"rendered":"<div data-elementor-type=\"wp-page\" data-elementor-id=\"19799\" class=\"elementor elementor-19799\" data-elementor-post-type=\"page\">\n\t\t\t\t\t\t<section class=\"elementor-section elementor-top-section elementor-element elementor-element-ea8b89c elementor-section-height-min-height elementor-section-boxed elementor-section-height-default elementor-section-items-middle sc_fly_static\" data-id=\"ea8b89c\" data-element_type=\"section\" data-settings=\"{&quot;background_background&quot;:&quot;classic&quot;}\">\n\t\t\t\t\t\t\t<div class=\"elementor-background-overlay\"><\/div>\n\t\t\t\t\t\t\t<div class=\"elementor-container elementor-column-gap-default\">\n\t\t\t\t\t<div class=\"elementor-column elementor-col-100 elementor-top-column elementor-element elementor-element-b534008 sc_inner_width_none sc_content_align_inherit sc_layouts_column_icons_position_left sc_fly_static\" data-id=\"b534008\" data-element_type=\"column\">\n\t\t\t<div class=\"elementor-widget-wrap elementor-element-populated\">\n\t\t\t\t\t\t<div class=\"elementor-element elementor-element-710f60a sc_fly_static elementor-widget elementor-widget-trx_sc_layouts_title\" data-id=\"710f60a\" data-element_type=\"widget\" data-widget_type=\"trx_sc_layouts_title.default\">\n\t\t\t\t<div class=\"elementor-widget-container\">\n\t\t\t\t\t<div class=\"sc_layouts_title with_content without_image without_tint\" ><div class=\"sc_layouts_title_content\"><div class=\"sc_layouts_title_breadcrumbs\"><div class=\"breadcrumbs\"><a class=\"breadcrumbs_item home\" href=\"https:\/\/cromoserv.com\/en\/\">Home<\/a><span class=\"breadcrumbs_delimiter\"><\/span><span class=\"breadcrumbs_item current\">Fa\u00e7a sua Den\u00fancia<\/span><\/div><\/div><\/div><\/div>\t\t\t\t<\/div>\n\t\t\t\t<\/div>\n\t\t\t\t\t<\/div>\n\t\t<\/div>\n\t\t\t\t\t<\/div>\n\t\t<\/section>\n\t\t\t\t<section class=\"elementor-section elementor-top-section elementor-element elementor-element-ed3aae4 elementor-section-boxed elementor-section-height-default elementor-section-height-default sc_fly_static\" data-id=\"ed3aae4\" data-element_type=\"section\">\n\t\t\t\t\t\t<div class=\"elementor-container elementor-column-gap-no\">\n\t\t\t\t\t<div class=\"elementor-column elementor-col-100 elementor-top-column elementor-element elementor-element-6880957 sc_inner_width_none sc_content_align_inherit sc_layouts_column_icons_position_left sc_fly_static\" data-id=\"6880957\" data-element_type=\"column\">\n\t\t\t<div class=\"elementor-widget-wrap elementor-element-populated\">\n\t\t\t\t\t\t<div class=\"elementor-element elementor-element-e3c562c sc_height_huge sc_fly_static elementor-widget elementor-widget-spacer\" data-id=\"e3c562c\" data-element_type=\"widget\" data-widget_type=\"spacer.default\">\n\t\t\t\t<div class=\"elementor-widget-container\">\n\t\t\t\t\t\t\t<div class=\"elementor-spacer\">\n\t\t\t<div class=\"elementor-spacer-inner\"><\/div>\n\t\t<\/div>\n\t\t\t\t\t\t<\/div>\n\t\t\t\t<\/div>\n\t\t\t\t<section class=\"elementor-section elementor-inner-section elementor-element elementor-element-aca2304 elementor-section-boxed elementor-section-height-default elementor-section-height-default sc_fly_static\" data-id=\"aca2304\" data-element_type=\"section\">\n\t\t\t\t\t\t<div class=\"elementor-container elementor-column-gap-no\">\n\t\t\t\t\t<div class=\"elementor-column elementor-col-50 elementor-inner-column elementor-element elementor-element-18c62ca sc_inner_width_none sc_content_align_inherit sc_layouts_column_icons_position_left sc_fly_static\" data-id=\"18c62ca\" data-element_type=\"column\">\n\t\t\t<div class=\"elementor-widget-wrap elementor-element-populated\">\n\t\t\t\t\t\t<div class=\"elementor-element elementor-element-680c2db sc_fly_static elementor-widget elementor-widget-trx_sc_title\" data-id=\"680c2db\" data-element_type=\"widget\" data-widget_type=\"trx_sc_title.default\">\n\t\t\t\t<div class=\"elementor-widget-container\">\n\t\t\t\t\t<div\t\tclass=\"sc_title sc_title_default\" ><span class=\"sc_item_subtitle sc_title_subtitle sc_item_subtitle_above sc_item_title_style_default\">Den\u00fancias e Relatos<\/span><h1 class=\"sc_item_title sc_title_title sc_item_title_style_default sc_item_title_tag\"\n\t\t\t><span class=\"sc_item_title_text\">Tem algo importante para denunciar?\n<\/span><\/h1><div class=\"sc_item_descr sc_title_descr\"><p>Nossa equipe est\u00e1 pronta para receber sua den\u00fancia de forma confidencial e tratar as informa\u00e7\u00f5es com a seriedade necess\u00e1ria para garantir solu\u00e7\u00f5es adequadas.<\/p>\n<\/div><\/div>\t\t\t\t<\/div>\n\t\t\t\t<\/div>\n\t\t\t\t<div class=\"elementor-element elementor-element-62ed942 sc_fly_static elementor-widget elementor-widget-spacer\" data-id=\"62ed942\" data-element_type=\"widget\" data-widget_type=\"spacer.default\">\n\t\t\t\t<div class=\"elementor-widget-container\">\n\t\t\t\t\t\t\t<div class=\"elementor-spacer\">\n\t\t\t<div class=\"elementor-spacer-inner\"><\/div>\n\t\t<\/div>\n\t\t\t\t\t\t<\/div>\n\t\t\t\t<\/div>\n\t\t\t\t<div class=\"elementor-element elementor-element-bdccf56 sc_fly_static elementor-widget elementor-widget-trx_sc_icons\" data-id=\"bdccf56\" data-element_type=\"widget\" data-widget_type=\"trx_sc_icons.default\">\n\t\t\t\t<div class=\"elementor-widget-container\">\n\t\t\t\t\t<div \tclass=\"sc_icons sc_icons_simple sc_icons_size_small sc_align_none\" ><div class=\"sc_icons_item with_more\"><div class=\"sc_icons_icon sc_icon_type_ icon-location-light\" style=\"color: var(--e-global-color-primary)\" ><span class=\"sc_icon_type_ icon-location-light\" style=\"color: var(--e-global-color-primary)\"><\/span><\/div><div class=\"sc_icons_item_details\"><div class=\"sc_icons_item_description\"><span>R. Amador Bueno, 333 20o andar . cjs. 2007 \/ 2008<\/span><span><\/span><span>Centro \u2013 Santos \u2013 SP CEP: 11.060-410<\/span><\/div><\/div><\/div><div class=\"sc_icons_item sc_icons_item_linked with_more\"><div class=\"sc_icons_icon sc_icon_type_ icon-phone-call\" style=\"color: var(--e-global-color-primary)\" ><span class=\"sc_icon_type_ icon-phone-call\" style=\"color: var(--e-global-color-primary)\"><\/span><\/div><div class=\"sc_icons_item_details\"><a href=\"tel:18408412569\" class=\"sc_icons_item_more_link\">\n                        <span class=\"link_text\">+55 (13) 2191-2483<\/span><span class=\"link_icon\"><\/span>\n                        <\/a><a href=\"tel:18408412569\"\n                        class=\"sc_icons_item_link\">\n                        <\/a><\/div><\/div><div class=\"sc_icons_item with_more\"><div class=\"sc_icons_icon sc_icon_type_ icon-email-3\" style=\"color: var(--e-global-color-primary)\" ><span class=\"sc_icon_type_ icon-email-3\" style=\"color: var(--e-global-color-primary)\"><\/span><\/div><div class=\"sc_icons_item_details\"><div class=\"sc_icons_item_description\"><span><a href=\"mailto:info@email.com\">contato@cromoserv.com<\/a><\/span><\/div><\/div><\/div><\/div><!-- \/.sc_icons -->\t\t\t\t<\/div>\n\t\t\t\t<\/div>\n\t\t\t\t\t<\/div>\n\t\t<\/div>\n\t\t\t\t<div class=\"elementor-column elementor-col-50 elementor-inner-column elementor-element elementor-element-2434c9f sc_inner_width_none sc_content_align_inherit sc_layouts_column_icons_position_left sc_fly_static\" data-id=\"2434c9f\" data-element_type=\"column\">\n\t\t\t<div class=\"elementor-widget-wrap elementor-element-populated\">\n\t\t\t\t\t\t<div class=\"elementor-element elementor-element-d40efc9 sc_fly_static elementor-widget elementor-widget-spacer\" data-id=\"d40efc9\" data-element_type=\"widget\" data-widget_type=\"spacer.default\">\n\t\t\t\t<div class=\"elementor-widget-container\">\n\t\t\t\t\t\t\t<div class=\"elementor-spacer\">\n\t\t\t<div class=\"elementor-spacer-inner\"><\/div>\n\t\t<\/div>\n\t\t\t\t\t\t<\/div>\n\t\t\t\t<\/div>\n\t\t\t\t<div class=\"elementor-element elementor-element-ddb5885 sc_fly_static elementor-widget elementor-widget-trx_sc_contact_form_7\" data-id=\"ddb5885\" data-element_type=\"widget\" data-widget_type=\"trx_sc_contact_form_7.default\">\n\t\t\t\t<div class=\"elementor-widget-container\">\n\t\t\t\t\t\n<div class=\"wpcf7 no-js\" id=\"wpcf7-f19801-o1\" lang=\"en-US\" dir=\"ltr\" data-wpcf7-id=\"19801\">\n<div class=\"screen-reader-response\"><p role=\"status\" aria-live=\"polite\" aria-atomic=\"true\"><\/p> <ul><\/ul><\/div>\n<form action=\"\/en\/wp-json\/wp\/v2\/pages\/19799#wpcf7-f19801-o1\" method=\"post\" class=\"wpcf7-form init\" aria-label=\"Contact form\" novalidate=\"novalidate\" data-status=\"init\" data-trp-original-action=\"\/en\/wp-json\/wp\/v2\/pages\/19799#wpcf7-f19801-o1\">\n<div style=\"display: none;\">\n<input type=\"hidden\" name=\"_wpcf7\" value=\"19801\" \/>\n<input type=\"hidden\" name=\"_wpcf7_version\" value=\"6.0.6\" \/>\n<input type=\"hidden\" name=\"_wpcf7_locale\" value=\"en_US\" \/>\n<input type=\"hidden\" name=\"_wpcf7_unit_tag\" value=\"wpcf7-f19801-o1\" \/>\n<input type=\"hidden\" name=\"_wpcf7_container_post\" value=\"0\" \/>\n<input type=\"hidden\" name=\"_wpcf7_posted_data_hash\" value=\"\" \/>\n<\/div>\n<style type=\"text\/css\">.ebbdddbf { position: absolute !important; left: -9999vw !important; }<\/style><div id=\"\" class=\"ebbdddbf\"><label for=\"website-ebbdddbf\">Website<\/label><input type=\"url\" name=\"website\" value=\"\" autocomplete=\"disable\" tabindex=\"-1\" id=\"website-ebbdddbf\"  \/><label for=\"firstname-ebbdddbf\">First Name<\/label><input type=\"text\" name=\"firstname\" value=\"\" autocomplete=\"disable\" tabindex=\"-1\" id=\"firstname-ebbdddbf\"  \/><label for=\"lastname-ebbdddbf\">Last Name<\/label><input type=\"text\" name=\"lastname\" value=\"\" autocomplete=\"disable\" tabindex=\"-1\" id=\"lastname-ebbdddbf\"  \/><label for=\"email-ebbdddbf\">Email<\/label><input type=\"email\" name=\"email\" value=\"\" autocomplete=\"disable\" tabindex=\"-1\" id=\"email-ebbdddbf\"  \/><label for=\"e88228b2325571b0d653dd0b012f66-ebbdddbf\">Cromo - Solu\u00e7\u00f5es Aduaneiras<\/label><input type=\"text\" name=\"e88228b2325571b0d653dd0b012f66\" value=\"\" autocomplete=\"disable\" tabindex=\"-1\" id=\"e88228b2325571b0d653dd0b012f66-ebbdddbf\"  \/><\/div><p><label> Seu nome (opcional)<br \/>\n<span class=\"wpcf7-form-control-wrap\" data-name=\"your-name\"><input size=\"40\" maxlength=\"400\" class=\"wpcf7-form-control wpcf7-text\" autocomplete=\"name\" aria-invalid=\"false\" value=\"\" type=\"text\" name=\"your-name\" \/><\/span> <\/label>\n<\/p>\n<p><label> Seu CPF (opcional)<br \/>\n<span class=\"wpcf7-form-control-wrap\" data-name=\"CPF\"><input size=\"40\" maxlength=\"400\" class=\"wpcf7-form-control wpcf7-text cpf\" autocomplete=\"name\" aria-invalid=\"false\" value=\"\" type=\"text\" name=\"CPF\" \/><\/span><br \/>\n<\/label>\n<\/p>\n<p><label> E-mail (opcional)<br \/>\n<span class=\"wpcf7-form-control-wrap\" data-name=\"your-email\"><input size=\"40\" maxlength=\"400\" class=\"wpcf7-form-control wpcf7-email wpcf7-text wpcf7-validates-as-email\" autocomplete=\"email\" aria-invalid=\"false\" value=\"\" type=\"email\" name=\"your-email\" \/><\/span> <\/label>\n<\/p>\n<p><label> Telefone (opcional)<br \/>\n<span class=\"wpcf7-form-control-wrap\" data-name=\"Telefone\"><input size=\"40\" maxlength=\"400\" class=\"wpcf7-form-control wpcf7-tel wpcf7-text wpcf7-validates-as-tel\" autocomplete=\"phone\" aria-invalid=\"false\" value=\"\" type=\"tel\" name=\"Telefone\" \/><\/span> <\/label>\n<\/p>\n<p><label> Data de Nascimento (opcional)<br \/>\n<span class=\"wpcf7-form-control-wrap\" data-name=\"DatadeNascimento\"><input class=\"wpcf7-form-control wpcf7-date wpcf7-validates-as-date\" autocomplete=\"data-nasc\" aria-invalid=\"false\" value=\"\" type=\"date\" name=\"DatadeNascimento\" \/><\/span> <\/label>\n<\/p>\n<p><label> Qual a sua rela\u00e7\u00e3o com a Cromo?<br \/>\n<span class=\"wpcf7-form-control-wrap\" data-name=\"qual-sua-relacao-com-a-cromo\"><select class=\"wpcf7-form-control wpcf7-select\" aria-invalid=\"false\" name=\"qual-sua-relacao-com-a-cromo\"><option value=\"\">&#8212;Please choose an option&#8212;<\/option><option value=\"Sou colaborador\">Sou colaborador<\/option><option value=\"Sou ex-colaborador\">Sou ex-colaborador<\/option><option value=\"Sou fornecedor\">Sou fornecedor<\/option><option value=\"Sou parceiro\">Sou parceiro<\/option><option value=\"Sou prestador de servi\u00e7os\">Sou prestador de servi\u00e7os<\/option><option value=\"Sou cliente\">Sou cliente<\/option><option value=\"Outro\">Outro<\/option><\/select><\/span> <\/label>\n<\/p>\n<p><label> Qual o tipo de den\u00fancia melhor se enquadra ao fato que voc\u00ea est\u00e1 registrando?<br \/>\n<span class=\"wpcf7-form-control-wrap\" data-name=\"qual-tipo-de-denuncia\"><select class=\"wpcf7-form-control wpcf7-select\" aria-invalid=\"false\" name=\"qual-tipo-de-denuncia\"><option value=\"\">&#8212;Please choose an option&#8212;<\/option><option value=\"Ass\u00e9dio Sexual\">Ass\u00e9dio Sexual<\/option><option value=\"Ass\u00e9dio moral\">Ass\u00e9dio moral<\/option><option value=\"Agress\u00e3o f\u00edsica\">Agress\u00e3o f\u00edsica<\/option><option value=\"Discrimina\u00e7\u00e3o\">Discrimina\u00e7\u00e3o<\/option><option value=\"Comportamento inadequado\">Comportamento inadequado<\/option><option value=\"N\u00e3o cumprimento de Pol\u00edticas, Normas e Procedimentos\">N\u00e3o cumprimento de Pol\u00edticas, Normas e Procedimentos<\/option><option value=\"Conflito de interesses\">Conflito de interesses<\/option><option value=\"Viola\u00e7\u00e3o de Leis Trabalhistas\">Viola\u00e7\u00e3o de Leis Trabalhistas<\/option><option value=\"Viola\u00e7\u00e3o de Leis Ambientais\">Viola\u00e7\u00e3o de Leis Ambientais<\/option><option value=\"Viola\u00e7\u00e3o de Leis Tribut\u00e1rias\">Viola\u00e7\u00e3o de Leis Tribut\u00e1rias<\/option><option value=\"Favorecimento de fornecedores ou clientes\">Favorecimento de fornecedores ou clientes<\/option><option value=\"Fraude ou roubo de dinheiro\">Fraude ou roubo de dinheiro<\/option><option value=\"Irregularidades nas demonstra\u00e7\u00f5es financeiras ou relat\u00f3rios de gest\u00e3o\">Irregularidades nas demonstra\u00e7\u00f5es financeiras ou relat\u00f3rios de gest\u00e3o<\/option><option value=\"Roubo, furto ou desvio de mercadorias\">Roubo, furto ou desvio de mercadorias<\/option><option value=\"Destrui\u00e7\u00e3o ou danos a bens da empresa\">Destrui\u00e7\u00e3o ou danos a bens da empresa<\/option><option value=\"Corrup\u00e7\u00e3o\">Corrup\u00e7\u00e3o<\/option><option value=\"Outros\">Outros<\/option><option value=\"Discrimina\u00e7\u00e3o salarial\">Discrimina\u00e7\u00e3o salarial<\/option><\/select><\/span> <\/label>\n<\/p>\n<p><label> Indique a empresa do grupo onde ocorreu o fato que voc\u00ea est\u00e1 denunciando:<br \/>\n<span class=\"wpcf7-form-control-wrap\" data-name=\"empresa-de-grupo-que-ocorreu\"><select class=\"wpcf7-form-control wpcf7-select\" aria-invalid=\"false\" name=\"empresa-de-grupo-que-ocorreu\"><option value=\"\">&#8212;Please choose an option&#8212;<\/option><option value=\"Cromo\">Cromo<\/option><\/select><\/span><br \/>\n<\/label>\n<\/p>\n<p><label> Indique a \u00e1rea\/setor onde ocorreu o fato que voc\u00ea est\u00e1 denunciando:<br \/>\n<span class=\"wpcf7-form-control-wrap\" data-name=\"area-ou-setor-que-ocorreu\"><input size=\"40\" maxlength=\"400\" class=\"wpcf7-form-control wpcf7-text\" aria-invalid=\"false\" value=\"\" type=\"text\" name=\"area-ou-setor-que-ocorreu\" \/><\/span><br \/>\n<\/label>\n<\/p>\n<p><label> Como tomou conhecimento deste fato\/transgress\u00e3o?<br \/>\n<span class=\"wpcf7-form-control-wrap\" data-name=\"comotomouconhecimento\"><select class=\"wpcf7-form-control wpcf7-select\" aria-invalid=\"false\" name=\"comotomouconhecimento\"><option value=\"\">&#8212;Please choose an option&#8212;<\/option><option value=\"Aconteceu comigo\">Aconteceu comigo<\/option><option value=\"Eu a observei\">Eu a observei<\/option><option value=\"Ouvi falar\">Ouvi falar<\/option><option value=\"Um colega de trabalho me contou\">Um colega de trabalho me contou<\/option><option value=\"O denunciado me contou\">O denunciado me contou<\/option><option value=\"Ouvi por acaso\">Ouvi por acaso<\/option><option value=\"Encontrei um documento ou arquivo acidentalmente\">Encontrei um documento ou arquivo acidentalmente<\/option><option value=\"Outros\">Outros<\/option><\/select><\/span><br \/>\n<\/label>\n<\/p>\n<p><label> Voc\u00ea sabe se algum Diretor, Gerente, Coordenador, Supervisor ou Encarregado est\u00e1 CIENTE do problema relatado? Se sim, indique o(s) nome(s).<br \/>\n<span class=\"wpcf7-form-control-wrap\" data-name=\"quem-esta-ciente\"><input size=\"40\" maxlength=\"400\" class=\"wpcf7-form-control wpcf7-text\" aria-invalid=\"false\" value=\"\" type=\"text\" name=\"quem-esta-ciente\" \/><\/span><br \/>\n<\/label>\n<\/p>\n<p><label> Voc\u00ea sabe se algum Diretor, Gerente, Coordenador, Supervisor, ou Encarregado est\u00e1 ENVOLVIDO diretamente no fato relatado? Se sim, indique o(s) nome(s).<br \/>\n<span class=\"wpcf7-form-control-wrap\" data-name=\"quem-esta-envolvido\"><input size=\"40\" maxlength=\"400\" class=\"wpcf7-form-control wpcf7-text\" aria-invalid=\"false\" value=\"\" type=\"text\" name=\"quem-esta-envolvido\" \/><\/span><br \/>\n<\/label>\n<\/p>\n<p><label> Voc\u00ea sabe se algum(ns) Diretor(es), Gerente(s), Coordenador(es), Supervisor(es), ou Encarregado(s) tentou(ram) ESCONDER o problema relatado? Se sim, indique o(s) nome(s).<br \/>\n(Apesar de n\u00e3o se envolver diretamente, algumas pessoas podem propositadamente ter ignorado o problema, ou ter se comprometido a fazer algo, ou ter afirmado que n\u00e3o era um problema, ou ter alterado evid\u00eancias).<br \/>\n<span class=\"wpcf7-form-control-wrap\" data-name=\"quem-tentou-esconder\"><input size=\"40\" maxlength=\"400\" class=\"wpcf7-form-control wpcf7-text\" aria-invalid=\"false\" value=\"\" type=\"text\" name=\"quem-tentou-esconder\" \/><\/span><br \/>\n<\/label>\n<\/p>\n<p><label> O que voc\u00ea quer denunciar?<br \/>\nDescreva o mais detalhadamente poss\u00edvel o que aconteceu, indicando o nome(s) da(s) pessoa(s) que est\u00e1(\u00e3o) envolvida(s), bem como quando o fato ocorreu e se ainda continua ocorrendo.<br \/>\n<span class=\"wpcf7-form-control-wrap\" data-name=\"o-que-voce-quer-denunciar\"><textarea cols=\"40\" rows=\"10\" maxlength=\"2000\" class=\"wpcf7-form-control wpcf7-textarea\" aria-invalid=\"false\" name=\"o-que-voce-quer-denunciar\"><\/textarea><\/span><br \/>\n<\/label>\n<\/p>\n<p><label> Existem testemunhas? Em caso positivo, indique-as.<br \/>\n<span class=\"wpcf7-form-control-wrap\" data-name=\"existem-testemunhas\"><input size=\"40\" maxlength=\"400\" class=\"wpcf7-form-control wpcf7-text\" aria-invalid=\"false\" value=\"\" type=\"text\" name=\"existem-testemunhas\" \/><\/span><br \/>\n<\/label>\n<\/p>\n<p><label> Voc\u00ea sabe se existem evid\u00eancias sobre o fato? Em caso positivo, indique-as.<br \/>\n(Quais e em que lugar(es) podem ser encontradas evid\u00eancias sobre o fato denunciado? Existem documentos que comprovam esse fato? Em caso positivo, onde podem ser encontrados? Especifique da forma mais detalhada poss\u00edvel. Lembre-se: qualquer informa\u00e7\u00e3o pode ser \u00fatil, por mais irrelevante que ela pare\u00e7a para voc\u00ea. ATEN\u00c7\u00c3O: N\u00c3O REMOVA OU TOME CONTATO COM QUALQUER EVID\u00caNCIA OU PROVA, POIS A INVESTIGA\u00c7\u00c3O PODE SER PREJUDICADA.)<br \/>\n<span class=\"wpcf7-form-control-wrap\" data-name=\"existem-evidencias\"><textarea cols=\"40\" rows=\"10\" maxlength=\"2000\" class=\"wpcf7-form-control wpcf7-textarea\" aria-invalid=\"false\" name=\"existem-evidencias\"><\/textarea><\/span><br \/>\n<\/label>\n<\/p>\n<p><label> Caso seja poss\u00edvel, indique o valor financeiro envolvido no fato relatado:<br \/>\n<span class=\"wpcf7-form-control-wrap\" data-name=\"valor-envolvido\"><input size=\"40\" maxlength=\"400\" class=\"wpcf7-form-control wpcf7-text\" aria-invalid=\"false\" value=\"\" type=\"text\" name=\"valor-envolvido\" \/><\/span><br \/>\n<\/label>\n<\/p>\n<p><label> Caso voc\u00ea tenha alguma sugest\u00e3o de como solucionar o problema, descreva-a:<br \/>\n<span class=\"wpcf7-form-control-wrap\" data-name=\"alguma-sugestao\"><input size=\"40\" maxlength=\"400\" class=\"wpcf7-form-control wpcf7-text\" aria-invalid=\"false\" value=\"\" type=\"text\" name=\"alguma-sugestao\" \/><\/span><br \/>\n<\/label>\n<\/p>\n<p style=\"background-color: #e6e7e8; padding: 11px 12px 24px;\">Ao preencher o formul\u00e1rio, voc\u00ea concorda que a Cromo salve e envie as informa\u00e7\u00f5es prestadas \u00e0 empresa\/organiza\u00e7\u00e3o contratante de seus servi\u00e7os, possibilitando que medidas sejam tomadas a partir da an\u00e1lise do conte\u00fado de suas respostas.\n<\/p>\n<p><span class=\"wpcf7-form-control-wrap\" data-name=\"li-e-concordo\"><span class=\"wpcf7-form-control wpcf7-checkbox wpcf7-validates-as-required\"><span class=\"wpcf7-list-item first last\"><label><input type=\"checkbox\" name=\"li-e-concordo[]\" value=\"Li e concordo com o termo acima\" \/><span class=\"wpcf7-list-item-label\">Li e concordo com o termo acima<\/span><\/label><\/span><\/span><\/span>\n<\/p>\n<p><input class=\"wpcf7-form-control wpcf7-submit has-spinner\" type=\"submit\" value=\"Send\" \/>\n<\/p><div class=\"wpcf7-response-output\" aria-hidden=\"true\"><\/div>\n<input type=\"hidden\" name=\"trp-form-language\" value=\"en\"\/><\/form>\n<\/div>\n\t\t\t\t<\/div>\n\t\t\t\t<\/div>\n\t\t\t\t\t<\/div>\n\t\t<\/div>\n\t\t\t\t\t<\/div>\n\t\t<\/section>\n\t\t\t\t<div class=\"elementor-element elementor-element-29cf424 sc_height_huge sc_fly_static elementor-widget elementor-widget-spacer\" data-id=\"29cf424\" data-element_type=\"widget\" data-widget_type=\"spacer.default\">\n\t\t\t\t<div class=\"elementor-widget-container\">\n\t\t\t\t\t\t\t<div class=\"elementor-spacer\">\n\t\t\t<div class=\"elementor-spacer-inner\"><\/div>\n\t\t<\/div>\n\t\t\t\t\t\t<\/div>\n\t\t\t\t<\/div>\n\t\t\t\t\t<\/div>\n\t\t<\/div>\n\t\t\t\t\t<\/div>\n\t\t<\/section>\n\t\t\t\t<section class=\"elementor-section elementor-top-section elementor-element elementor-element-9de3998 elementor-section-full_width elementor-section-height-default elementor-section-height-default sc_fly_static\" data-id=\"9de3998\" data-element_type=\"section\">\n\t\t\t\t\t\t<div class=\"elementor-container elementor-column-gap-no\">\n\t\t\t\t\t<div class=\"elementor-column elementor-col-100 elementor-top-column elementor-element elementor-element-0c6dd66 sc_inner_width_none sc_content_align_inherit sc_layouts_column_icons_position_left sc_fly_static\" data-id=\"0c6dd66\" data-element_type=\"column\">\n\t\t\t<div class=\"elementor-widget-wrap elementor-element-populated\">\n\t\t\t\t\t\t<div class=\"elementor-element elementor-element-e2c39ae sc_fly_static elementor-widget elementor-widget-trx_sc_googlemap\" data-id=\"e2c39ae\" data-element_type=\"widget\" data-widget_type=\"trx_sc_googlemap.default\">\n\t\t\t\t<div class=\"elementor-widget-container\">\n\t\t\t\t\t<div id=\"sc_googlemap_381753036_wrap\" class=\"sc_googlemap_wrap\"><div id=\"sc_googlemap_381753036\"\t\t\tclass=\"sc_item_content sc_map sc_googlemap sc_googlemap_default trx_addons_inline_1970032388\"\n\t\t\t \t\t\tdata-zoom=\"16\"\n\t\t\tdata-center=\"\"\n\t\t\tdata-style=\"extra\"\n\t\t\tdata-cluster-icon=\"\"\n\t\t\t><iframe\n\t\t\t\t\t\tsrc=\"https:\/\/maps.google.com\/maps?t=m&output=embed&iwloc=near&z=16&q=R.+Amador+Bueno%2C+333+-+20o+andar+-+Centro%2C+Santos+-+SP%2C+11013-153\"\n\t\t\t\t\t\taria-label=\"\"><\/iframe><\/div><\/div>\t\t\t\t<\/div>\n\t\t\t\t<\/div>\n\t\t\t\t\t<\/div>\n\t\t<\/div>\n\t\t\t\t\t<\/div>\n\t\t<\/section>\n\t\t\t\t<\/div>","protected":false},"excerpt":{"rendered":"<p>HomePage (post) title Den\u00fancias e Relatos Tem algo importante para denunciar? Nossa equipe est\u00e1 pronta para receber sua den\u00fancia de forma confidencial e tratar as informa\u00e7\u00f5es com a seriedade necess\u00e1ria&hellip;<\/p>","protected":false},"author":1,"featured_media":0,"parent":0,"menu_order":0,"comment_status":"closed","ping_status":"closed","template":"","meta":{"footnotes":""},"class_list":["post-19799","page","type-page","status-publish","hentry"],"_links":{"self":[{"href":"https:\/\/cromoserv.com\/en\/wp-json\/wp\/v2\/pages\/19799","targetHints":{"allow":["GET"]}}],"collection":[{"href":"https:\/\/cromoserv.com\/en\/wp-json\/wp\/v2\/pages"}],"about":[{"href":"https:\/\/cromoserv.com\/en\/wp-json\/wp\/v2\/types\/page"}],"author":[{"embeddable":true,"href":"https:\/\/cromoserv.com\/en\/wp-json\/wp\/v2\/users\/1"}],"replies":[{"embeddable":true,"href":"https:\/\/cromoserv.com\/en\/wp-json\/wp\/v2\/comments?post=19799"}],"version-history":[{"count":11,"href":"https:\/\/cromoserv.com\/en\/wp-json\/wp\/v2\/pages\/19799\/revisions"}],"predecessor-version":[{"id":20014,"href":"https:\/\/cromoserv.com\/en\/wp-json\/wp\/v2\/pages\/19799\/revisions\/20014"}],"wp:attachment":[{"href":"https:\/\/cromoserv.com\/en\/wp-json\/wp\/v2\/media?parent=19799"}],"curies":[{"name":"wp","href":"https:\/\/api.w.org\/{rel}","templated":true}]}}